{"id":14,"date":"2021-10-12T15:20:16","date_gmt":"2021-10-12T15:20:16","guid":{"rendered":"https:\/\/startertemplatecloud.com\/g14\/?page_id=14"},"modified":"2025-09-21T21:20:09","modified_gmt":"2025-09-21T21:20:09","slug":"contacto","status":"publish","type":"page","link":"https:\/\/pidacorp.com\/es\/contacto\/","title":{"rendered":"Contacto PIDA | Inicia una Conversaci\u00f3n"},"content":{"rendered":"<style>.kb-row-layout-wrap.wp-block-kadence-rowlayout.kb-row-layout-id14_622c23-16{margin-top:0px;margin-bottom:0px;}.kb-row-layout-id14_622c23-16 > .kt-row-column-wrap{align-content:center;}:where(.kb-row-layout-id14_622c23-16 > .kt-row-column-wrap) > .wp-block-kadence-column{justify-content:center;}.kb-row-layout-id14_622c23-16 > .kt-row-column-wrap{column-gap:2em;row-gap:2em;max-width:30%;margin-left:auto;margin-right:auto;padding-top:2em;padding-right:1em;padding-bottom:2em;padding-left:1em;grid-template-columns:minmax(0, 1fr);}.kb-row-layout-id14_622c23-16 > .kt-row-layout-overlay{opacity:0.30;mix-blend-mode:darken;}@media all and (max-width: 1024px){.kb-row-layout-id14_622c23-16 > .kt-row-column-wrap{max-width:80%;margin-left:auto;margin-right:auto;grid-template-columns:minmax(0, 1fr);}}@media all and (max-width: 767px){.kb-row-layout-id14_622c23-16 > .kt-row-column-wrap{max-width:100%;margin-left:auto;margin-right:auto;grid-template-columns:minmax(0, 1fr);}}<\/style><div class=\"kb-row-layout-wrap kb-row-layout-id14_622c23-16 alignfull has-theme-palette8-background-color kt-row-has-bg wp-block-kadence-rowlayout\"><div class=\"kt-row-column-wrap kt-has-1-columns kt-row-layout-equal kt-tab-layout-inherit kt-mobile-layout-row kt-row-valign-middle\">\n<style>.kadence-column14_6101b8-90 > .kt-inside-inner-col{display:flex;}.kadence-column14_6101b8-90 > .kt-inside-inner-col{padding-top:1em;padding-right:1em;padding-bottom:1em;padding-left:1em;}.kadence-column14_6101b8-90 > .kt-inside-inner-col{box-shadow:2px 4px 12px 0px rgba(0, 14, 36, 0.08);border-top:1px solid #dae0e7;border-right:1px solid #dae0e7;border-bottom:1px solid #dae0e7;border-left:1px solid #dae0e7;}.kadence-column14_6101b8-90 > .kt-inside-inner-col,.kadence-column14_6101b8-90 > .kt-inside-inner-col:before{border-top-left-radius:1em;border-top-right-radius:1em;border-bottom-right-radius:1em;border-bottom-left-radius:1em;}.kadence-column14_6101b8-90 > .kt-inside-inner-col{row-gap:1em;column-gap:var(--global-kb-gap-sm, 1rem);}.kadence-column14_6101b8-90 > .kt-inside-inner-col{flex-direction:column;}.kadence-column14_6101b8-90 > .kt-inside-inner-col > .aligncenter{width:100%;}.kadence-column14_6101b8-90 > .kt-inside-inner-col{background-color:#f6f7f9;}.kadence-column14_6101b8-90 > .kt-inside-inner-col:before{opacity:0.3;}.kadence-column14_6101b8-90{text-align:left;}.kadence-column14_6101b8-90{position:relative;}@media all and (max-width: 1024px){.kadence-column14_6101b8-90 > .kt-inside-inner-col{border-top:1px solid #dae0e7;border-right:1px solid #dae0e7;border-bottom:1px solid #dae0e7;border-left:1px solid #dae0e7;flex-direction:column;justify-content:center;}}@media all and (max-width: 767px){.kadence-column14_6101b8-90 > .kt-inside-inner-col{border-top:1px solid #dae0e7;border-right:1px solid #dae0e7;border-bottom:1px solid #dae0e7;border-left:1px solid #dae0e7;flex-direction:column;justify-content:center;}}<\/style>\n<div class=\"wp-block-kadence-column kadence-column14_6101b8-90 inner-column-2\"><div class=\"kt-inside-inner-col\"><style>.wp-block-kadence-advancedheading.kt-adv-heading14_7dd085-2e, .wp-block-kadence-advancedheading.kt-adv-heading14_7dd085-2e[data-kb-block=\"kb-adv-heading14_7dd085-2e\"]{text-align:center;font-style:normal;}.wp-block-kadence-advancedheading.kt-adv-heading14_7dd085-2e mark.kt-highlight, .wp-block-kadence-advancedheading.kt-adv-heading14_7dd085-2e[data-kb-block=\"kb-adv-heading14_7dd085-2e\"] mark.kt-highlight{font-style:normal;color:#f76a0c;-webkit-box-decoration-break:clone;box-decoration-break:clone;padding-top:0px;padding-right:0px;padding-bottom:0px;padding-left:0px;}.wp-block-kadence-advancedheading.kt-adv-heading14_7dd085-2e img.kb-inline-image, .wp-block-kadence-advancedheading.kt-adv-heading14_7dd085-2e[data-kb-block=\"kb-adv-heading14_7dd085-2e\"] img.kb-inline-image{width:150px;vertical-align:baseline;}<\/style>\n<h3 class=\"kt-adv-heading14_7dd085-2e wp-block-kadence-advancedheading\" data-kb-block=\"kb-adv-heading14_7dd085-2e\">Hablemos de tu proyecto<\/h3>\n\n\n\n\n<div class=\"wpcf7 no-js\" id=\"wpcf7-f1819-o1\" lang=\"es-ES\" dir=\"ltr\" data-wpcf7-id=\"1819\">\n<div class=\"screen-reader-response\"><p role=\"status\" aria-live=\"polite\" aria-atomic=\"true\"><\/p> <ul><\/ul><\/div>\n<form action=\"\/es\/wp-json\/wp\/v2\/pages\/14#wpcf7-f1819-o1\" method=\"post\" class=\"wpcf7-form init\" aria-label=\"Formulario de contacto\" novalidate=\"novalidate\" data-status=\"init\">\n<fieldset class=\"hidden-fields-container\"><input type=\"hidden\" name=\"_wpcf7\" value=\"1819\" \/><input type=\"hidden\" name=\"_wpcf7_version\" value=\"6.1.5\" \/><input type=\"hidden\" name=\"_wpcf7_locale\" value=\"es_ES\" \/><input type=\"hidden\" name=\"_wpcf7_unit_tag\" value=\"wpcf7-f1819-o1\" \/><input type=\"hidden\" name=\"_wpcf7_container_post\" value=\"0\" \/><input type=\"hidden\" name=\"_wpcf7_posted_data_hash\" value=\"\" \/><input type=\"hidden\" name=\"_wpcf7_recaptcha_response\" value=\"\" \/>\n<\/fieldset>\n<div class=\"content\">\n\t<div class=\"fila\">\n\t\t<p><label><span class=\"wpcf7-form-control-wrap\" data-name=\"names\"><input size=\"40\" maxlength=\"400\" class=\"wpcf7-form-control wpcf7-text wpcf7-validates-as-required\" autocomplete=\"name\" aria-required=\"true\" aria-invalid=\"false\" placeholder=\"Nombre\" value=\"\" type=\"text\" name=\"names\" \/><\/span><\/label>\n\t\t<\/p>\n\t\t<p><label><span class=\"wpcf7-form-control-wrap\" data-name=\"email\"><input size=\"40\" maxlength=\"400\" class=\"wpcf7-form-control wpcf7-email wpcf7-validates-as-required wpcf7-text wpcf7-validates-as-email\" autocomplete=\"email\" aria-required=\"true\" aria-invalid=\"false\" placeholder=\"name@example.com\" value=\"\" type=\"email\" name=\"email\" \/><\/span><\/label>\n\t\t<\/p>\n\n <!--------------------------------------------------------- phone & service -->\n\t<\/div>\n\t<p><label><span class=\"wpcf7-form-control-wrap\" data-name=\"phone\"><input size=\"40\" maxlength=\"400\" class=\"wpcf7-form-control wpcf7-tel wpcf7-validates-as-required wpcf7-text wpcf7-validates-as-tel\" autocomplete=\"tel\" aria-required=\"true\" aria-invalid=\"false\" placeholder=\"N\u00famero de tel\u00e9fono +1 (xxx) xxx-xxxx\" value=\"\" type=\"tel\" name=\"phone\" \/><\/span><\/label>\n\t<\/p>\n\t<p><label><span class=\"wpcf7-form-control-wrap\" data-name=\"country\"><input size=\"40\" maxlength=\"400\" class=\"wpcf7-form-control wpcf7-text wpcf7-validates-as-required\" autocomplete=\"name\" aria-required=\"true\" aria-invalid=\"false\" placeholder=\"Pa\u00eds\/Ciudad\" value=\"\" type=\"text\" name=\"country\" \/><\/span><\/label>\n\t<\/p>\n\t<p><label><span class=\"wpcf7-form-control-wrap\" data-name=\"message\"><textarea cols=\"40\" rows=\"3\" maxlength=\"2000\" class=\"wpcf7-form-control wpcf7-textarea\" aria-invalid=\"false\" placeholder=\"\u00bfC\u00f3mo podemos ayudarte?\" name=\"message\"><\/textarea><\/span><\/label>\n\t<\/p>\n<input class=\"wpcf7-form-control wpcf7-hidden\" value=\"\" type=\"hidden\" name=\"current_url\" \/>\n<input class=\"wpcf7-form-control wpcf7-hidden\" value=\"\" type=\"hidden\" name=\"previous_url\" \/>\n\t<p><input class=\"wpcf7-form-control wpcf7-submit has-spinner\" type=\"submit\" value=\"Enviar\" \/>\n\t<\/p>\n<\/div>\n\n<!--------------------------------------------------------- STYLE -->\n<style>\n input,\n select,\n textarea {\n border-radius: 0.75em !important;\n min-width: 100%;\npadding: 0.75em !important;\n \n }\n\n p {\n padding: 0 !important;\n margin: 0 !important;\n \n }\n\n\n\n .columna {\n display: flex;\n flex-direction: column;\n align-items: center;\n }\n\n .fila {\n display: grid;\n grid-template-columns: repeat(2, minmax(0, 1fr));\n column-gap: 1em;\n row-gap: 1em;\n }\n\n\n .content {\n display: flex;\n flex-direction: column;\n gap: 1em;\n font-size: 1em !important;\n }\n\n .wpcf7-spinner {\n margin: 0.75em 0em -0.75em 47% !important;\n }\n\n @media (max-width: 767px) {\n .fila {\n grid-template-columns: minmax(0, 1fr);\n }\n }\n<\/style><div class=\"wpcf7-response-output\" aria-hidden=\"true\"><\/div>\n<\/form>\n<\/div>\n\n<\/div><\/div>\n\n<\/div><\/div>\n\n<style>.kb-row-layout-id14_50b0e3-99 > .kt-row-column-wrap{align-content:center;}:where(.kb-row-layout-id14_50b0e3-99 > .kt-row-column-wrap) > .wp-block-kadence-column{justify-content:center;}.kb-row-layout-id14_50b0e3-99 > .kt-row-column-wrap{column-gap:var(--global-kb-gap-md, 2rem);row-gap:var(--global-kb-gap-md, 2rem);max-width:var( --global-content-width, 1088px );padding-left:var(--global-content-edge-padding);padding-right:var(--global-content-edge-padding);padding-top:2em;padding-right:1em;padding-bottom:2em;padding-left:1em;grid-template-columns:minmax(0, 1fr);}.kb-row-layout-id14_50b0e3-99 > .kt-row-layout-overlay{opacity:0.30;}@media all and (max-width: 1024px){.kb-row-layout-id14_50b0e3-99 > .kt-row-column-wrap{grid-template-columns:minmax(0, 1fr);}}@media all and (max-width: 767px){.kb-row-layout-id14_50b0e3-99 > .kt-row-column-wrap{grid-template-columns:minmax(0, 1fr);}}<\/style><div class=\"kb-row-layout-wrap kb-row-layout-id14_50b0e3-99 alignfull wp-block-kadence-rowlayout\"><div class=\"kt-row-column-wrap kt-has-1-columns kt-row-layout-equal kt-tab-layout-inherit kt-mobile-layout-row kt-row-valign-middle kb-theme-content-width\">\n<style>.kadence-column14_747d20-a0 > .kt-inside-inner-col{display:flex;}.kadence-column14_747d20-a0 > .kt-inside-inner-col,.kadence-column14_747d20-a0 > .kt-inside-inner-col:before{border-top-left-radius:0px;border-top-right-radius:0px;border-bottom-right-radius:0px;border-bottom-left-radius:0px;}.kadence-column14_747d20-a0 > .kt-inside-inner-col{row-gap:1em;column-gap:var(--global-kb-gap-sm, 1rem);}.kadence-column14_747d20-a0 > .kt-inside-inner-col{flex-direction:column;}.kadence-column14_747d20-a0 > .kt-inside-inner-col > .aligncenter{width:100%;}.kadence-column14_747d20-a0 > .kt-inside-inner-col:before{opacity:0.3;}.kadence-column14_747d20-a0{text-align:center;}.kadence-column14_747d20-a0{position:relative;}@media all and (max-width: 1024px){.kadence-column14_747d20-a0 > .kt-inside-inner-col{flex-direction:column;justify-content:center;}}@media all and (max-width: 767px){.kadence-column14_747d20-a0 > .kt-inside-inner-col{flex-direction:column;justify-content:center;}}<\/style>\n<div class=\"wp-block-kadence-column kadence-column14_747d20-a0 inner-column-1\"><div class=\"kt-inside-inner-col\"><style>.wp-block-kadence-advancedheading.kt-adv-heading14_f5c409-b7, .wp-block-kadence-advancedheading.kt-adv-heading14_f5c409-b7[data-kb-block=\"kb-adv-heading14_f5c409-b7\"]{padding-top:0em;padding-right:0em;padding-bottom:0em;padding-left:0em;margin-top:0em;margin-right:0em;margin-bottom:0em;margin-left:0em;font-style:normal;}.wp-block-kadence-advancedheading.kt-adv-heading14_f5c409-b7 mark.kt-highlight, .wp-block-kadence-advancedheading.kt-adv-heading14_f5c409-b7[data-kb-block=\"kb-adv-heading14_f5c409-b7\"] mark.kt-highlight{font-style:normal;color:#f76a0c;-webkit-box-decoration-break:clone;box-decoration-break:clone;padding-top:0px;padding-right:0px;padding-bottom:0px;padding-left:0px;}.wp-block-kadence-advancedheading.kt-adv-heading14_f5c409-b7 img.kb-inline-image, .wp-block-kadence-advancedheading.kt-adv-heading14_f5c409-b7[data-kb-block=\"kb-adv-heading14_f5c409-b7\"] img.kb-inline-image{width:150px;vertical-align:baseline;}<\/style>\n<h2 class=\"kt-adv-heading14_f5c409-b7 wp-block-kadence-advancedheading\" data-kb-block=\"kb-adv-heading14_f5c409-b7\">Preguntas Frecuentes<\/h2>\n\n\n<style>.kt-accordion-id14_56ce78-8a .kt-accordion-inner-wrap{column-gap:var(--global-kb-gap-md, 2rem);row-gap:10px;}.kt-accordion-id14_56ce78-8a .kt-accordion-panel-inner{padding-top:var(--global-kb-spacing-sm, 1.5rem);padding-right:var(--global-kb-spacing-sm, 1.5rem);padding-bottom:var(--global-kb-spacing-sm, 1.5rem);padding-left:var(--global-kb-spacing-sm, 1.5rem);}.kt-accordion-id14_56ce78-8a > .kt-accordion-inner-wrap > .wp-block-kadence-pane > .kt-accordion-header-wrap > .kt-blocks-accordion-header{font-weight:bold;}.kt-accordion-id14_56ce78-8a > .kt-accordion-inner-wrap > .wp-block-kadence-pane > .kt-accordion-header-wrap > .kt-blocks-accordion-header:hover, \n\t\t\t\tbody:not(.hide-focus-outline) .kt-accordion-id14_56ce78-8a .kt-blocks-accordion-header:focus-visible{color:var(--global-palette2, #2B6CB0);background:var(--global-palette9, #ffffff);}.kt-accordion-id14_56ce78-8a:not( .kt-accodion-icon-style-basiccircle ):not( .kt-accodion-icon-style-xclosecircle ):not( .kt-accodion-icon-style-arrowcircle ) .kt-accordion-header-wrap .kt-blocks-accordion-header:hover .kt-blocks-accordion-icon-trigger:after, .kt-accordion-id14_56ce78-8a:not( .kt-accodion-icon-style-basiccircle ):not( .kt-accodion-icon-style-xclosecircle ):not( .kt-accodion-icon-style-arrowcircle ) .kt-accordion-header-wrap .kt-blocks-accordion-header:hover .kt-blocks-accordion-icon-trigger:before, body:not(.hide-focus-outline) .kt-accordion-id14_56ce78-8a:not( .kt-accodion-icon-style-basiccircle ):not( .kt-accodion-icon-style-xclosecircle ):not( .kt-accodion-icon-style-arrowcircle ) .kt-blocks-accordion--visible .kt-blocks-accordion-icon-trigger:after, body:not(.hide-focus-outline) .kt-accordion-id14_56ce78-8a:not( .kt-accodion-icon-style-basiccircle ):not( .kt-accodion-icon-style-xclosecircle ):not( .kt-accodion-icon-style-arrowcircle ) .kt-blocks-accordion-header:focus-visible .kt-blocks-accordion-icon-trigger:before{background:var(--global-palette2, #2B6CB0);}.kt-accordion-id14_56ce78-8a:not( .kt-accodion-icon-style-basic ):not( .kt-accodion-icon-style-xclose ):not( .kt-accodion-icon-style-arrow ) .kt-accordion-header-wrap .kt-blocks-accordion-header:hover .kt-blocks-accordion-icon-trigger, body:not(.hide-focus-outline) .kt-accordion-id14_56ce78-8a:not( .kt-accodion-icon-style-basic ):not( .kt-accodion-icon-style-xclose ):not( .kt-accodion-icon-style-arrow ) .kt-accordion-header-wrap .kt-blocks-accordion-header:focus-visible .kt-blocks-accordion-icon-trigger{background:var(--global-palette2, #2B6CB0);}.kt-accordion-id14_56ce78-8a:not( .kt-accodion-icon-style-basic ):not( .kt-accodion-icon-style-xclose ):not( .kt-accodion-icon-style-arrow ) .kt-accordion-header-wrap .kt-blocks-accordion-header:hover .kt-blocks-accordion-icon-trigger:after, .kt-accordion-id14_56ce78-8a:not( .kt-accodion-icon-style-basic ):not( .kt-accodion-icon-style-xclose ):not( .kt-accodion-icon-style-arrow ) .kt-accordion-header-wrap .kt-blocks-accordion-header:hover .kt-blocks-accordion-icon-trigger:before, body:not(.hide-focus-outline) .kt-accordion-id14_56ce78-8a:not( .kt-accodion-icon-style-basic ):not( .kt-accodion-icon-style-xclose ):not( .kt-accodion-icon-style-arrow ) .kt-accordion-header-wrap .kt-blocks-accordion-header:focus-visible .kt-blocks-accordion-icon-trigger:after, body:not(.hide-focus-outline) .kt-accordion-id14_56ce78-8a:not( .kt-accodion-icon-style-basic ):not( .kt-accodion-icon-style-xclose ):not( .kt-accodion-icon-style-arrow ) .kt-accordion-header-wrap .kt-blocks-accordion-header:focus-visible .kt-blocks-accordion-icon-trigger:before{background:var(--global-palette9, #ffffff);}@media all and (max-width: 767px){.kt-accordion-id14_56ce78-8a .kt-accordion-inner-wrap{display:block;}.kt-accordion-id14_56ce78-8a .kt-accordion-inner-wrap .kt-accordion-pane:not(:first-child){margin-top:10px;}}<\/style>\n<div class=\"wp-block-kadence-accordion alignnone\"><div class=\"kt-accordion-wrap kt-accordion-id14_56ce78-8a kt-accordion-has-9-panes kt-active-pane-0 kt-accordion-block kt-pane-header-alignment-left kt-accodion-icon-style-arrow kt-accodion-icon-side-right\" style=\"max-width:none\"><div class=\"kt-accordion-inner-wrap\" data-allow-multiple-open=\"false\" data-start-open=\"none\">\n<div class=\"wp-block-kadence-pane kt-accordion-pane kt-accordion-pane-5 kt-pane14_a69137-5b\"><div class=\"kt-accordion-header-wrap\"><button class=\"kt-blocks-accordion-header kt-acccordion-button-label-show\" type=\"button\"><span class=\"kt-blocks-accordion-title-wrap\"><span class=\"kt-blocks-accordion-title\">\u00bfCu\u00e1l es el primer paso para trabajar con PIDA?<\/span><\/span><span class=\"kt-blocks-accordion-icon-trigger\"><\/span><\/button><\/div><div class=\"kt-accordion-panel kt-accordion-panel-hidden\"><div class=\"kt-accordion-panel-inner\">\n<p>El paso inicial es una auditor\u00eda integral para comprender tu negocio, objetivos y situaci\u00f3n actual. Contactarnos a trav\u00e9s del formulario en esta p\u00e1gina inicia este proceso confidencial. Nuestro equipo se encargar\u00e1 de organizar una reuni\u00f3n preliminar.<\/p>\n<\/div><\/div><\/div>\n\n\n\n<div class=\"wp-block-kadence-pane kt-accordion-pane kt-accordion-pane-8 kt-pane14_6c2883-9f\"><div class=\"kt-accordion-header-wrap\"><button class=\"kt-blocks-accordion-header kt-acccordion-button-label-show\" type=\"button\"><span class=\"kt-blocks-accordion-title-wrap\"><span class=\"kt-blocks-accordion-title\">\u00bfCon qu\u00e9 tipo de empresas se asocia PIDA?<\/span><\/span><span class=\"kt-blocks-accordion-icon-trigger\"><\/span><\/button><\/div><div class=\"kt-accordion-panel kt-accordion-panel-hidden\"><div class=\"kt-accordion-panel-inner\">\n<p>Nos asociamos con una variedad de entidades, incluyendo grandes corporaciones, comunidades empresariales y propietarios de activos. Nuestro enfoque est\u00e1 en operaciones establecidas con un potencial de crecimiento significativo en sectores como la construcci\u00f3n, la agroindustria, la energ\u00eda y la tecnolog\u00eda. Generalmente no trabajamos con startups en etapas iniciales o ideas conceptuales.<\/p>\n<\/div><\/div><\/div>\n\n\n\n<div class=\"wp-block-kadence-pane kt-accordion-pane kt-accordion-pane-9 kt-pane14_c077fb-80\"><div class=\"kt-accordion-header-wrap\"><button class=\"kt-blocks-accordion-header kt-acccordion-button-label-show\" type=\"button\"><span class=\"kt-blocks-accordion-title-wrap\"><span class=\"kt-blocks-accordion-title\">\u00bfEn qu\u00e9 se diferencia PIDA de un banco o un consultor tradicional?<\/span><\/span><span class=\"kt-blocks-accordion-icon-trigger\"><\/span><\/button><\/div><div class=\"kt-accordion-panel kt-accordion-panel-hidden\"><div class=\"kt-accordion-panel-inner\">\n<p>A diferencia de las entidades transaccionales, PIDA act\u00faa como un socio estrat\u00e9gico a largo plazo. Ofrecemos apoyo directo y personalizado, y nuestro modelo se basa en un an\u00e1lisis profundo de las causas ra\u00edz del negocio. Nuestro objetivo es un \u00e9xito compartido y sostenible, no solo proporcionar un pr\u00e9stamo o un informe.<\/p>\n<\/div><\/div><\/div>\n\n\n\n<div class=\"wp-block-kadence-pane kt-accordion-pane kt-accordion-pane-6 kt-pane14_5dca14-12\"><div class=\"kt-accordion-header-wrap\"><button class=\"kt-blocks-accordion-header kt-acccordion-button-label-show\" type=\"button\"><span class=\"kt-blocks-accordion-title-wrap\"><span class=\"kt-blocks-accordion-title\">\u00bfSe mantiene mi informaci\u00f3n confidencial?<\/span><\/span><span class=\"kt-blocks-accordion-icon-trigger\"><\/span><\/button><\/div><div class=\"kt-accordion-panel kt-accordion-panel-hidden\"><div class=\"kt-accordion-panel-inner\">\n<p>Absolutamente. Toda la informaci\u00f3n compartida con PIDA, desde el primer contacto hasta la finalizaci\u00f3n del proyecto, es tratada con la m\u00e1s estricta confidencialidad. Todo nuestro proceso se basa en una base de confianza y discreci\u00f3n, como se detalla en nuestra pol\u00edtica Legal y de Privacidad.<\/p>\n<\/div><\/div><\/div>\n<\/div><\/div><\/div>\n<\/div><\/div>\n\n<\/div><\/div>","protected":false},"excerpt":{"rendered":"<p>Hablemos de tu proyecto Preguntas Frecuentes<\/p>\n","protected":false},"author":2,"featured_media":1489,"parent":0,"menu_order":0,"comment_status":"closed","ping_status":"closed","template":"","meta":{"inline_featured_image":false,"_kadence_starter_templates_imported_post":true,"_kad_post_transparent":"","_kad_post_title":"","_kad_post_layout":"","_kad_post_sidebar_id":"","_kad_post_content_style":"","_kad_post_vertical_padding":"","_kad_post_feature":"","_kad_post_feature_position":"","_kad_post_header":true,"_kad_post_footer":false,"_kad_post_classname":"","footnotes":""},"class_list":["post-14","page","type-page","status-publish","has-post-thumbnail","hentry"],"_links":{"self":[{"href":"https:\/\/pidacorp.com\/es\/wp-json\/wp\/v2\/pages\/14","targetHints":{"allow":["GET"]}}],"collection":[{"href":"https:\/\/pidacorp.com\/es\/wp-json\/wp\/v2\/pages"}],"about":[{"href":"https:\/\/pidacorp.com\/es\/wp-json\/wp\/v2\/types\/page"}],"author":[{"embeddable":true,"href":"https:\/\/pidacorp.com\/es\/wp-json\/wp\/v2\/users\/2"}],"replies":[{"embeddable":true,"href":"https:\/\/pidacorp.com\/es\/wp-json\/wp\/v2\/comments?post=14"}],"version-history":[{"count":0,"href":"https:\/\/pidacorp.com\/es\/wp-json\/wp\/v2\/pages\/14\/revisions"}],"wp:featuredmedia":[{"embeddable":true,"href":"https:\/\/pidacorp.com\/es\/wp-json\/wp\/v2\/media\/1489"}],"wp:attachment":[{"href":"https:\/\/pidacorp.com\/es\/wp-json\/wp\/v2\/media?parent=14"}],"curies":[{"name":"wp","href":"https:\/\/api.w.org\/{rel}","templated":true}]}}